{"id":251,"date":"2024-03-07T14:25:34","date_gmt":"2024-03-07T14:25:34","guid":{"rendered":"https:\/\/unifiktecnologia.com.br\/?page_id=251"},"modified":"2024-03-07T15:29:59","modified_gmt":"2024-03-07T15:29:59","slug":"declaracao-de-praticas-de-negocios-ac-safeweb","status":"publish","type":"page","link":"https:\/\/unifiktecnologia.com.br\/?page_id=251","title":{"rendered":"Declara\u00e7\u00e3o de Pr\u00e1ticas de Neg\u00f3cios AC Safeweb"},"content":{"rendered":"<div data-colibri-id=\"251-c1\" class=\"style-315 style-local-251-c1 position-relative\">\n  <!---->\n  <div data-colibri-component=\"section\" data-colibri-id=\"251-c2\" id=\"initial-content\" class=\"h-section h-section-global-spacing d-flex align-items-lg-center align-items-md-center align-items-center style-316 style-local-251-c2 position-relative\">\n    <!---->\n    <!---->\n    <div class=\"h-separator\" style=\"height: 37px; bottom: calc(0px);\">\n      <svg style=\"fill:rgb(3, 169, 244);\" xmlns=\"http:\/\/www.w3.org\/2000\/svg\" viewBox=\"0 0 1000 100\" preserveAspectRatio=\"none\">\n        <path class=\"svg-white-bg\" d=\"M737.9,94.7L0,0v100h1000V0L737.9,94.7z\"><\/path>\n      <\/svg>\n    <\/div>\n    <div class=\"h-section-grid-container h-section-fluid-container\">\n      <!---->\n      <div data-colibri-id=\"251-c3\" class=\"h-row-container gutters-row-lg-2 gutters-row-md-2 gutters-row-0 gutters-row-v-lg-2 gutters-row-v-md-2 gutters-row-v-2 style-317 style-local-251-c3 position-relative\">\n        <!---->\n        <div class=\"h-row justify-content-lg-center justify-content-md-center justify-content-center align-items-lg-stretch align-items-md-stretch align-items-stretch gutters-col-lg-2 gutters-col-md-2 gutters-col-0 gutters-col-v-lg-2 gutters-col-v-md-2 gutters-col-v-2\">\n          <!---->\n          <div class=\"h-column h-column-container d-flex h-col-lg-auto h-col-md-auto h-col-auto style-318-outer style-local-251-c4-outer\">\n            <div data-colibri-id=\"251-c4\" class=\"d-flex h-flex-basis h-column__inner h-px-lg-2 h-px-md-2 h-px-2 v-inner-lg-2 v-inner-md-2 v-inner-2 style-318 style-local-251-c4 position-relative\">\n              <!---->\n              <!---->\n              <div class=\"w-100 h-y-container h-column__content h-column__v-align flex-basis-100 align-self-lg-start align-self-md-start align-self-start\">\n                <!---->\n                <div data-colibri-id=\"251-c5\" class=\"style-319 style-local-251-c5 position-relative h-element\">\n                  <!---->\n                  <div>\n                    \n                    <div class=\"wp-block-group\"><div class=\"wp-block-group__inner-container is-layout-constrained wp-block-group-is-layout-constrained\">\n                      \n                      <div class=\"wp-block-group\"><div class=\"wp-block-group__inner-container is-layout-constrained wp-block-group-is-layout-constrained\">\n                        \n                        <div data-wp-interactive=\"core\/file\" class=\"wp-block-file\">\n                          <object data-wp-bind--hidden=\"!state.hasPdfPreview\"  class=\"wp-block-file__embed\" data=\"https:\/\/unifiktecnologia.com.br\/wp-content\/uploads\/2024\/03\/Declaracao-de-Praticas-de-Negocio-CD.pdf\" type=\"application\/pdf\" style=\"width:100%;height:200px\" aria-label=\"Incorporado de Declara\u00e7\u00e3o de Pr\u00e1ticas de Neg\u00f3cio CD.\"><\/object>\n                          <a id=\"wp-block-file--media-cdb05ff7-068e-46a4-9adb-6d010f83235f\" href=\"https:\/\/unifiktecnologia.com.br\/wp-content\/uploads\/2024\/03\/Declaracao-de-Praticas-de-Negocio-CD.pdf\" target=\"_blank\" rel=\"noreferrer noopener\">Declara\u00e7\u00e3o de Pr\u00e1ticas de Neg\u00f3cio CD<\/a>\n                          <a href=\"https:\/\/unifiktecnologia.com.br\/wp-content\/uploads\/2024\/03\/Declaracao-de-Praticas-de-Negocio-CD.pdf\" class=\"wp-block-file__button wp-element-button\" download=\"\" aria-describedby=\"wp-block-file--media-cdb05ff7-068e-46a4-9adb-6d010f83235f\">Baixar<\/a>\n                        <\/div>\n                        \n\n                        \n                        <div data-wp-interactive=\"core\/file\" class=\"wp-block-file aligncenter\">\n                          <object data-wp-bind--hidden=\"!state.hasPdfPreview\"  class=\"wp-block-file__embed\" data=\"https:\/\/unifiktecnologia.com.br\/wp-content\/uploads\/2024\/03\/Declaracao-de-Praticas-de-Negocio-RFB.pdf\" type=\"application\/pdf\" style=\"width:100%;height:200px\" aria-label=\"Incorporado de Declara\u00e7\u00e3o de Pr\u00e1ticas de Neg\u00f3cio RFB.\"><\/object>\n                          <a id=\"wp-block-file--media-865e0685-cdd8-4588-8c1a-ad0c7a9a4b8e\" href=\"https:\/\/unifiktecnologia.com.br\/wp-content\/uploads\/2024\/03\/Declaracao-de-Praticas-de-Negocio-RFB.pdf\" target=\"_blank\" rel=\"noreferrer noopener\">Declara\u00e7\u00e3o de Pr\u00e1ticas de Neg\u00f3cio RFB<\/a>\n                          <a href=\"https:\/\/unifiktecnologia.com.br\/wp-content\/uploads\/2024\/03\/Declaracao-de-Praticas-de-Negocio-RFB.pdf\" class=\"wp-block-file__button wp-element-button\" download=\"\" aria-describedby=\"wp-block-file--media-865e0685-cdd8-4588-8c1a-ad0c7a9a4b8e\">Baixar<\/a>\n                        <\/div>\n                        \n                      <\/div><\/div>\n                      \n                    <\/div><\/div>\n                    \n                  <\/div>\n                <\/div>\n              <\/div>\n            <\/div>\n          <\/div>\n        <\/div>\n      <\/div>\n    <\/div>\n  <\/div>\n<\/div>","protected":false},"excerpt":{"rendered":"","protected":false},"author":2,"featured_media":0,"parent":2,"menu_order":0,"comment_status":"closed","ping_status":"closed","template":"page-templates\/landing-page.php","meta":{"nf_dc_page":"","footnotes":""},"class_list":["post-251","page","type-page","status-publish","hentry"],"_links":{"self":[{"href":"https:\/\/unifiktecnologia.com.br\/index.php?rest_route=\/wp\/v2\/pages\/251"}],"collection":[{"href":"https:\/\/unifiktecnologia.com.br\/index.php?rest_route=\/wp\/v2\/pages"}],"about":[{"href":"https:\/\/unifiktecnologia.com.br\/index.php?rest_route=\/wp\/v2\/types\/page"}],"author":[{"embeddable":true,"href":"https:\/\/unifiktecnologia.com.br\/index.php?rest_route=\/wp\/v2\/users\/2"}],"replies":[{"embeddable":true,"href":"https:\/\/unifiktecnologia.com.br\/index.php?rest_route=%2Fwp%2Fv2%2Fcomments&post=251"}],"version-history":[{"count":4,"href":"https:\/\/unifiktecnologia.com.br\/index.php?rest_route=\/wp\/v2\/pages\/251\/revisions"}],"predecessor-version":[{"id":270,"href":"https:\/\/unifiktecnologia.com.br\/index.php?rest_route=\/wp\/v2\/pages\/251\/revisions\/270"}],"up":[{"embeddable":true,"href":"https:\/\/unifiktecnologia.com.br\/index.php?rest_route=\/wp\/v2\/pages\/2"}],"wp:attachment":[{"href":"https:\/\/unifiktecnologia.com.br\/index.php?rest_route=%2Fwp%2Fv2%2Fmedia&parent=251"}],"curies":[{"name":"wp","href":"https:\/\/api.w.org\/{rel}","templated":true}]}}